{"id":32,"date":"2023-10-08T04:37:05","date_gmt":"2023-10-08T04:37:05","guid":{"rendered":"https:\/\/ichtus5solas.hopeuni.com\/?page_id=26"},"modified":"2026-01-02T11:25:50","modified_gmt":"2026-01-02T11:25:50","slug":"home","status":"publish","type":"page","link":"https:\/\/ichtus5solas.com\/fr\/","title":{"rendered":"Bievenue !"},"content":{"rendered":"\n<figure class=\"wp-block-image size-large\"><img loading=\"lazy\" decoding=\"async\" width=\"1024\" height=\"683\" src=\"https:\/\/ichtus5solas.com\/fr\/wp-content\/uploads\/2026\/01\/ichtus5solas_image_symboles_1-min-1024x683.png\" alt=\"\" class=\"wp-image-154\" srcset=\"https:\/\/ichtus5solas.com\/fr\/wp-content\/uploads\/2026\/01\/ichtus5solas_image_symboles_1-min-1024x683.png 1024w, https:\/\/ichtus5solas.com\/fr\/wp-content\/uploads\/2026\/01\/ichtus5solas_image_symboles_1-min-300x200.png 300w, https:\/\/ichtus5solas.com\/fr\/wp-content\/uploads\/2026\/01\/ichtus5solas_image_symboles_1-min-768x512.png 768w, https:\/\/ichtus5solas.com\/fr\/wp-content\/uploads\/2026\/01\/ichtus5solas_image_symboles_1-min-750x500.png 750w, https:\/\/ichtus5solas.com\/fr\/wp-content\/uploads\/2026\/01\/ichtus5solas_image_symboles_1-min.png 1536w\" sizes=\"auto, (max-width: 1024px) 100vw, 1024px\" \/><\/figure>\n\n\n\n<p><\/p>\n\n\n\n<h2 class=\"wp-block-heading\">Pr\u00e9sentation en vid\u00e9o :<\/h2>\n\n\n\n<p><strong>Cliquez sur play, montez le son. <br><\/strong><em>( La vid\u00e9o est sur notre cha\u00eene youtube, nous avons d\u00e9sactiv\u00e9 les pubs&#8230; mais si il y en a malgr\u00e9 tout, laissez 5 secondes puis cliquez \u00ab\u00a0passer la pub\u00a0\u00bb. )<\/em><\/p>\n\n\n\n<figure class=\"wp-block-embed is-type-video is-provider-youtube wp-block-embed-youtube wp-embed-aspect-16-9 wp-has-aspect-ratio\"><div class=\"wp-block-embed__wrapper\">\n<iframe loading=\"lazy\" title=\"ichtus5solas th\u00e9ologie introduction pr\u00e9sentation qui sommes nous ?  Qui est derri\u00e8re ichtus5solas ?\" width=\"750\" height=\"422\" src=\"https:\/\/www.youtube.com\/embed\/xWNtyzJl5VE?feature=oembed\" frameborder=\"0\" allow=\"accelerometer; autoplay; clipboard-write; encrypted-media; gyroscope; picture-in-picture; web-share\" referrerpolicy=\"strict-origin-when-cross-origin\" allowfullscreen><\/iframe>\n<\/div><\/figure>\n\n\n\n<h3 class=\"wp-block-heading has-text-align-center has-vivid-red-color has-text-color\">\/!\\ Site en construction \u2014 soyez patients et indulgents \/!\\<\/h3>\n\n\n\n<h2 class=\"wp-block-heading has-text-align-center\">Cadeau : cliquez sur ce lien pour recevoir les cours, ressources et documents gratuits<\/h2>\n\n\n\n<h1 class=\"wp-block-heading\">Accueil \u2013 Pr\u00e9sentation<\/h1>\n\n\n\n<p>Bienvenue ! Ichtus5Solas souhaite \u00eatre un site d\u2019informations, de partage, et de formation, \u00e0 destination de tous.<\/p>\n\n\n\n<p>Que vous soyez croyants ou non croyants, pratiquants ou non pratiquants, ath\u00e9es, agnostiques ou chr\u00e9tiens\u2026<br>Que vous ayiez la conscience tranquille, ou travaill\u00e9e par des erreurs ou accident de parcours\u2026<br>Que vous ayiez une foi in\u00e9branlable, ou qu\u2019au contraire, vous ayiez des doutes et des questionnements,\u2026<br>Ques vous soyiez chr\u00e9tien catholique, protestants, \u00e9vang\u00e9lique, copte, orthodoxes, ou encore cosaque, pentec\u00f4tistes, charismatiques, cessasionnistes, darbystes, pr\u00e9-mil\u00e9naristes, amil\u00e9naristes, post-mil\u00e9naristes\u2026 ou que vous entriez dans aucune de ces cat\u00e9gories\u2026<\/p>\n\n\n\n<p>Bref, ce site partage la foi chr\u00e9tienne, sans se bloquer dans une cat\u00e9gorie pr\u00e9cise, et propose des formations et des coachings, sans jugement, mais avec \u00e9coute, respect et confidentialit\u00e9.<\/p>\n\n\n\n<p>Quelque soit votre cheminement avec Dieu, quelque soit votre recherche, sentez-vous ici comme chez vous, et profitez de lire, r\u00e9fl\u00e9chir, m\u00e9diter, questionner, douter\u2026<\/p>\n\n\n\n<p>Bonne visite !<\/p>\n\n\n\n<p>Un chr\u00e9tien libre.<\/p>\n\n\n\n<h3 class=\"wp-block-heading\" id=\"h.p_lIN0kbDguasV\"><\/h3>\n\n\n\n<h3 class=\"wp-block-heading\" id=\"h.p_Y33ar4kTucDj\"><\/h3>\n\n\n\n<h2 class=\"wp-block-heading has-text-align-center\">Cadeau : cliquez sur ce lien pour recevoir les cours, ressources et documents gratuits<\/h2>\n\n\n\n<h2 class=\"wp-block-heading\"><strong>A lire ensuite :<\/strong><\/h2>\n\n\n\n<h3 class=\"wp-block-heading\"><em><strong>Ichtus5Solas \u2014 i5s \u2014 Chr\u00e9tiens Libres<\/strong><\/em><\/h3>\n\n\n\n<h3 class=\"wp-block-heading\"><strong><em>Ichtus5Solas \u2014 i5s \u2014 Pasteur Libre<\/em><\/strong><\/h3>\n\n\n\n<p><\/p>\n\n\n\n<h2 class=\"wp-block-heading has-text-align-center\">Cadeau : cliquez sur ce lien pour recevoir les cours, ressources et documents gratuits<\/h2>\n","protected":false},"excerpt":{"rendered":"<p>Pr\u00e9sentation en vid\u00e9o : Cliquez sur play, montez le son. ( La vid\u00e9o est sur notre cha\u00eene youtube, nous avons d\u00e9sactiv\u00e9 les pubs&#8230; mais si il y en a malgr\u00e9 tout, laissez 5 secondes puis cliquez \u00ab\u00a0passer la pub\u00a0\u00bb. ) \/!\\ Site en construction \u2014 soyez patients et indulgents \/!\\ Cadeau : cliquez sur ce &hellip; <\/p>\n<p><a class=\"more-link btn\" href=\"https:\/\/ichtus5solas.com\/fr\/\">Lire la suite<\/a><\/p>\n","protected":false},"author":1,"featured_media":0,"parent":0,"menu_order":0,"comment_status":"closed","ping_status":"closed","template":"","meta":{"pagelayer_contact_templates":[],"_pagelayer_content":"","footnotes":""},"class_list":["post-32","page","type-page","status-publish","hentry","nodate","item-wrap"],"_links":{"self":[{"href":"https:\/\/ichtus5solas.com\/fr\/wp-json\/wp\/v2\/pages\/32","targetHints":{"allow":["GET"]}}],"collection":[{"href":"https:\/\/ichtus5solas.com\/fr\/wp-json\/wp\/v2\/pages"}],"about":[{"href":"https:\/\/ichtus5solas.com\/fr\/wp-json\/wp\/v2\/types\/page"}],"author":[{"embeddable":true,"href":"https:\/\/ichtus5solas.com\/fr\/wp-json\/wp\/v2\/users\/1"}],"replies":[{"embeddable":true,"href":"https:\/\/ichtus5solas.com\/fr\/wp-json\/wp\/v2\/comments?post=32"}],"version-history":[{"count":2,"href":"https:\/\/ichtus5solas.com\/fr\/wp-json\/wp\/v2\/pages\/32\/revisions"}],"predecessor-version":[{"id":157,"href":"https:\/\/ichtus5solas.com\/fr\/wp-json\/wp\/v2\/pages\/32\/revisions\/157"}],"wp:attachment":[{"href":"https:\/\/ichtus5solas.com\/fr\/wp-json\/wp\/v2\/media?parent=32"}],"curies":[{"name":"wp","href":"https:\/\/api.w.org\/{rel}","templated":true}]}}